{"id":10709,"date":"2014-11-19T15:14:03","date_gmt":"2014-11-19T15:14:03","guid":{"rendered":"http:\/\/avada.theme-fusion.comxml\/?page_id=10709"},"modified":"2021-03-10T19:18:24","modified_gmt":"2021-03-10T18:18:24","slug":"home-4","status":"publish","type":"page","link":"https:\/\/zahnarzt-tempelhof.de\/en\/","title":{"rendered":"Home"},"content":{"rendered":"<p><div class=\"fusion-fullwidth fullwidth-box fusion-builder-row-1 nonhundred-percent-fullwidth non-hundred-percent-height-scrolling\" style=\"--link_hover_color: #72aabc;--awb-border-radius-top-left:0px;--awb-border-radius-top-right:0px;--awb-border-radius-bottom-right:0px;--awb-border-radius-bottom-left:0px;--awb-margin-top:30px;--awb-flex-wrap:wrap;\" ><div class=\"fusion-builder-row fusion-row\"><div class=\"fusion-layout-column fusion_builder_column fusion-builder-column-0 fusion_builder_column_1_2 1_2 fusion-one-half fusion-column-first\" style=\"--awb-bg-size:cover;width:50%;width:calc(50% - ( ( 4% ) * 0.5 ) );margin-right: 4%;\"><div class=\"fusion-column-wrapper fusion-column-has-shadow fusion-flex-column-wrapper-legacy\"><div class=\"fusion-image-element fusion-image-align-center in-legacy-container\" style=\"text-align:center;--awb-max-width:450px;--awb-caption-title-font-family:var(--h2_typography-font-family);--awb-caption-title-font-weight:var(--h2_typography-font-weight);--awb-caption-title-font-style:var(--h2_typography-font-style);--awb-caption-title-size:var(--h2_typography-font-size);--awb-caption-title-transform:var(--h2_typography-text-transform);--awb-caption-title-line-height:var(--h2_typography-line-height);--awb-caption-title-letter-spacing:var(--h2_typography-letter-spacing);\"><div class=\"imageframe-align-center\"><span class=\"fusion-imageframe imageframe-none imageframe-1 hover-type-none\"><img decoding=\"async\" width=\"750\" height=\"650\" title=\"Zahnarzt Tempelhof\" src=\"https:\/\/zahnarzt-tempelhof.de\/wp-content\/uploads\/2021\/03\/Design-ohne-Titel-6.png\" alt class=\"img-responsive wp-image-13377\" srcset=\"https:\/\/zahnarzt-tempelhof.de\/wp-content\/uploads\/2021\/03\/Design-ohne-Titel-6-200x173.png 200w, https:\/\/zahnarzt-tempelhof.de\/wp-content\/uploads\/2021\/03\/Design-ohne-Titel-6-400x347.png 400w, https:\/\/zahnarzt-tempelhof.de\/wp-content\/uploads\/2021\/03\/Design-ohne-Titel-6-600x520.png 600w, https:\/\/zahnarzt-tempelhof.de\/wp-content\/uploads\/2021\/03\/Design-ohne-Titel-6.png 750w\" sizes=\"(max-width: 768px) 100vw, 750px\" \/><\/span><\/div><\/div><div class=\"fusion-clearfix\"><\/div><\/div><\/div><div class=\"fusion-layout-column fusion_builder_column fusion-builder-column-1 fusion_builder_column_1_2 1_2 fusion-one-half fusion-column-last\" style=\"--awb-bg-size:cover;width:50%;width:calc(50% - ( ( 4% ) * 0.5 ) );\"><div class=\"fusion-column-wrapper fusion-column-has-shadow fusion-flex-column-wrapper-legacy\"><div class=\"fusion-title title fusion-title-1 fusion-title-center fusion-title-text fusion-title-size-one\" style=\"--awb-text-color:#e6b78c;--awb-font-size:15px;\"><div class=\"title-sep-container title-sep-container-left\"><div class=\"title-sep sep-single sep-solid\" style=\"border-color:#e0dede;\"><\/div><\/div><span class=\"awb-title-spacer\"><\/span><h1 class=\"fusion-title-heading title-heading-center fusion-responsive-typography-calculated\" style=\"font-family:&quot;Poppins&quot;;font-style:normal;font-weight:400;margin:0;font-size:1em;--fontSize:15;--minFontSize:15;line-height:1.45;\"><p style=\"text-align: center;\">Dr. Dietmar Kuhn<\/p><\/h1><span class=\"awb-title-spacer\"><\/span><div class=\"title-sep-container title-sep-container-right\"><div class=\"title-sep sep-single sep-solid\" style=\"border-color:#e0dede;\"><\/div><\/div><\/div><div class=\"fusion-title title fusion-title-2 fusion-sep-none fusion-title-text fusion-title-size-one\" style=\"--awb-text-color:#064c4c;--awb-font-size:45px;\"><h1 class=\"fusion-title-heading title-heading-left fusion-responsive-typography-calculated\" style=\"font-family:&quot;Cormorant Garamond&quot;;font-style:normal;font-weight:700;margin:0;font-size:1em;--fontSize:45;line-height:1.45;\">Your dental practice in Tempelhof<\/h1><\/div><div class=\"fusion-text fusion-text-1\" style=\"--awb-text-color:#064c4c;--awb-text-font-family:&quot;Noto Sans&quot;;--awb-text-font-style:normal;--awb-text-font-weight:400;\"><p class=\"content-container\">Short waiting times as well as a friendly and competent treatment, that is what you can expect from 9 to 19 o'clock in my dental practice in Tempelhof.<\/p>\n<p>Als aktives Mitglied in verschiedenen medizinischen Gesellschaften, K\u00f6rperschaften und Verb\u00e4nden kann ich Ihnen eine moderne und sichere Behandlung bieten. Ihre Gesundheit, Ihre Zufriedenheit und Ihr Vertrauen liegen mir am Herzen.<br \/>\nAls langj\u00e4hriger Familien-Zahnarzt in Tempelhof hei\u00dfe ich Sie herzlich willkommen.<\/p>\n<\/div><div class=\"fusion-clearfix\"><\/div><\/div><\/div><div class=\"fusion-layout-column fusion_builder_column fusion-builder-column-2 fusion_builder_column_1_1 1_1 fusion-one-full fusion-column-first fusion-column-last\" style=\"--awb-overflow:hidden;--awb-bg-size:cover;--awb-border-radius:10px 10px 10px 10px;\"><div class=\"fusion-column-wrapper fusion-column-has-shadow fusion-flex-column-wrapper-legacy\">\t\t\t\t\t<script type=\"text\/javascript\">\n\t\t\t\t\t\tvar map_fusion_map_69d4461dc986f;\n\t\t\t\t\t\tvar markers = [];\n\t\t\t\t\t\tvar counter = 0;\n\t\t\t\t\t\t\t\t\t\t\t\t\t\t\t\t\t\t\t\tvar fusionMapNonce = 'fd470fc1b7';\n\t\t\t\t\t\t\t\t\t\t\t\tfunction fusion_run_map_fusion_map_69d4461dc986f() {\n\t\t\t\t\t\t\tjQuery('#fusion_map_69d4461dc986f').fusion_maps({\n\t\t\t\t\t\t\t\taddresses: [{\"address\":\"Alt-Tempelhof 23 12103 Berlin\",\"infobox_content\":\"Alt-Tempelhof 23 12103 Berlin\",\"coordinates\":false,\"cache\":true,\"latitude\":\"52.4655234\",\"longitude\":\"13.38459069999999\"}],\n\t\t\t\t\t\t\t\tanimations: false,\n\t\t\t\t\t\t\t\tinfobox_background_color: '',\n\t\t\t\t\t\t\t\tinfobox_styling: 'default',\n\t\t\t\t\t\t\t\tinfobox_text_color: '',\n\t\t\t\t\t\t\t\tmap_style: 'default',\n\t\t\t\t\t\t\t\tmap_type: 'roadmap',\n\t\t\t\t\t\t\t\tmarker_icon: '',\n\t\t\t\t\t\t\t\toverlay_color: '#01bf63',\n\t\t\t\t\t\t\t\toverlay_color_hsl: {\"hue\":151,\"sat\":99,\"lum\":38},\n\t\t\t\t\t\t\t\tshow_address: true,\n\t\t\t\t\t\t\t\tscale_control: true,\n\t\t\t\t\t\t\t\tscrollwheel: true,\n\t\t\t\t\t\t\t\tzoom: 14,\n\t\t\t\t\t\t\t\tzoom_control: true,\n\t\t\t\t\t\t\t});\n\t\t\t\t\t\t}\n\n\t\t\t\t\t\tgoogle.maps.event.addDomListener(window, 'load', fusion_run_map_fusion_map_69d4461dc986f);\n\t\t\t\t\t<\/script>\n\t\t\t\t\t<div class=\"shortcode-map fusion-google-map fusion-maps-js-type\" id=\"fusion_map_69d4461dc986f\"><\/div><div class=\"fusion-clearfix\"><\/div><\/div><\/div><\/div><\/div><div class=\"fusion-fullwidth fullwidth-box fusion-builder-row-2 nonhundred-percent-fullwidth non-hundred-percent-height-scrolling fusion-equal-height-columns\" style=\"--awb-border-radius-top-left:0px;--awb-border-radius-top-right:0px;--awb-border-radius-bottom-right:0px;--awb-border-radius-bottom-left:0px;--awb-margin-top:50px;--awb-flex-wrap:wrap;\" ><div class=\"fusion-builder-row fusion-row\"><div class=\"fusion-layout-column fusion_builder_column fusion-builder-column-3 fusion_builder_column_1_3 1_3 fusion-one-third fusion-column-first\" style=\"--awb-padding-top:5%;--awb-padding-bottom:3%;--awb-overflow:hidden;--awb-bg-color:#e6b78c;--awb-bg-color-hover:#e6b78c;--awb-bg-size:cover;--awb-border-color:#adadad;--awb-border-top:0;--awb-border-right:0;--awb-border-bottom:0;--awb-border-left:0;--awb-border-style:solid;--awb-border-radius:10px 10px 10px 10px;width:33.333333333333%;width:calc(33.333333333333% - ( ( 4% + 4% ) * 0.33333333333333 ) );margin-right: 4%;\"><div class=\"fusion-column-wrapper fusion-column-has-shadow fusion-flex-column-wrapper-legacy\"><div class=\"fusion-image-element fusion-image-align-center in-legacy-container\" style=\"text-align:center;--awb-max-width:90px;--awb-caption-title-font-family:var(--h2_typography-font-family);--awb-caption-title-font-weight:var(--h2_typography-font-weight);--awb-caption-title-font-style:var(--h2_typography-font-style);--awb-caption-title-size:var(--h2_typography-font-size);--awb-caption-title-transform:var(--h2_typography-text-transform);--awb-caption-title-line-height:var(--h2_typography-line-height);--awb-caption-title-letter-spacing:var(--h2_typography-letter-spacing);\"><div class=\"imageframe-align-center\"><span class=\"fusion-imageframe imageframe-none imageframe-2 hover-type-zoomin\"><img decoding=\"async\" width=\"200\" height=\"200\" title=\"Zahnarzt Tempelhof F\u00fcllungen\" src=\"https:\/\/zahnarzt-tempelhof.de\/wp-content\/uploads\/2021\/03\/Zahn_1-1.png\" alt class=\"img-responsive wp-image-13381\" srcset=\"https:\/\/zahnarzt-tempelhof.de\/wp-content\/uploads\/2021\/03\/Zahn_1-1-66x66.png 66w, https:\/\/zahnarzt-tempelhof.de\/wp-content\/uploads\/2021\/03\/Zahn_1-1-150x150.png 150w, https:\/\/zahnarzt-tempelhof.de\/wp-content\/uploads\/2021\/03\/Zahn_1-1.png 200w\" sizes=\"(max-width: 200px) 100vw, 200px\" \/><\/span><\/div><\/div><div class=\"fusion-title title fusion-title-3 fusion-sep-none fusion-title-text fusion-title-size-one\" style=\"--awb-text-color:#ffffff;--awb-margin-top:10px;\"><h1 class=\"fusion-title-heading title-heading-left fusion-responsive-typography-calculated\" style=\"margin:0;--fontSize:33;line-height:1.45;\"><p style=\"text-align: center;\">FILLINGS<\/p><\/h1><\/div><div class=\"fusion-text fusion-text-2 text-blocks\"><p style=\"text-align: center;\"><span style=\"color: ffffff;\">Defects in the tooth structure can be treated with different classes of filling materials.<\/span><\/p>\n<\/div><div class=\"fusion-aligncenter\"><a class=\"fusion-button button-flat fusion-button-default-size button-custom fusion-button-default button-1 fusion-button-default-span fusion-button-default-type\" style=\"--button_accent_color:rgba(255,255,255,0.8);--button_border_color:rgba(255,255,255,0.8);--button_accent_hover_color:#e6b78c;--button_border_hover_color:rgba(255,255,255,0.8);--button_border_width-top:1px;--button_border_width-right:1px;--button_border_width-bottom:1px;--button_border_width-left:1px;--button-border-radius-top-left:6px;--button-border-radius-top-right:6px;--button-border-radius-bottom-right:6px;--button-border-radius-bottom-left:6px;--button_gradient_top_color:#e6b78c;--button_gradient_bottom_color:#e6b78c;--button_gradient_top_color_hover:#ffffff;--button_gradient_bottom_color_hover:#ffffff;\" target=\"_self\" href=\"https:\/\/zahnarzt-tempelhof.de\/en\/fuellungen\/\"><span class=\"fusion-button-text awb-button__text awb-button__text--default\">READ MORE<\/span><\/a><\/div><div class=\"fusion-sep-clear\"><\/div><div class=\"fusion-separator fusion-full-width-sep\" style=\"margin-left: auto;margin-right: auto;margin-bottom:10px;width:100%;\"><div class=\"fusion-separator-border sep-double\" style=\"--awb-height:20px;--awb-amount:20px;border-color:#e0dede;border-top-width:0px;border-bottom-width:0px;\"><\/div><\/div><div class=\"fusion-sep-clear\"><\/div><div class=\"fusion-clearfix\"><\/div><\/div><\/div><div class=\"fusion-layout-column fusion_builder_column fusion-builder-column-4 fusion_builder_column_1_3 1_3 fusion-one-third\" style=\"--awb-padding-top:5%;--awb-padding-bottom:3%;--awb-overflow:hidden;--awb-bg-color:#064c4c;--awb-bg-color-hover:#064c4c;--awb-bg-size:cover;--awb-border-color:#adadad;--awb-border-top:0;--awb-border-right:0;--awb-border-bottom:0;--awb-border-left:0;--awb-border-style:solid;--awb-border-radius:10px 10px 10px 10px;width:33.333333333333%;width:calc(33.333333333333% - ( ( 4% + 4% ) * 0.33333333333333 ) );margin-right: 4%;\"><div class=\"fusion-column-wrapper fusion-column-has-shadow fusion-flex-column-wrapper-legacy\"><div class=\"fusion-image-element fusion-image-align-center in-legacy-container\" style=\"text-align:center;--awb-max-width:90px;--awb-caption-title-font-family:var(--h2_typography-font-family);--awb-caption-title-font-weight:var(--h2_typography-font-weight);--awb-caption-title-font-style:var(--h2_typography-font-style);--awb-caption-title-size:var(--h2_typography-font-size);--awb-caption-title-transform:var(--h2_typography-text-transform);--awb-caption-title-line-height:var(--h2_typography-line-height);--awb-caption-title-letter-spacing:var(--h2_typography-letter-spacing);\"><div class=\"imageframe-align-center\"><span class=\"fusion-imageframe imageframe-none imageframe-3 hover-type-zoomin\"><img decoding=\"async\" width=\"200\" height=\"200\" title=\"Zahnarzt Tempelhof Implantat\" src=\"https:\/\/zahnarzt-tempelhof.de\/wp-content\/uploads\/2021\/03\/Zahn.png\" alt class=\"img-responsive wp-image-13379\" srcset=\"https:\/\/zahnarzt-tempelhof.de\/wp-content\/uploads\/2021\/03\/Zahn-66x66.png 66w, https:\/\/zahnarzt-tempelhof.de\/wp-content\/uploads\/2021\/03\/Zahn-150x150.png 150w, https:\/\/zahnarzt-tempelhof.de\/wp-content\/uploads\/2021\/03\/Zahn.png 200w\" sizes=\"(max-width: 200px) 100vw, 200px\" \/><\/span><\/div><\/div><div class=\"fusion-title title fusion-title-4 fusion-sep-none fusion-title-text fusion-title-size-one text-blocks\" style=\"--awb-text-color:#ffffff;--awb-margin-top:10px;\"><h1 class=\"fusion-title-heading title-heading-left fusion-responsive-typography-calculated\" style=\"margin:0;--fontSize:33;line-height:1.45;\"><p style=\"text-align: center;\">IMPLANTATE<\/p><\/h1><\/div><div class=\"fusion-text fusion-text-3 text-blocks\"><p style=\"text-align: center;\">An implant is made of titanium and is anchored in the jawbone instead of the natural tooth root, under local anesthesia.<\/p>\n<\/div><div class=\"fusion-aligncenter\"><a class=\"fusion-button button-flat fusion-button-default-size button-custom fusion-button-default button-2 fusion-button-default-span fusion-button-default-type\" style=\"--button_accent_color:rgba(255,255,255,0.8);--button_border_color:rgba(255,255,255,0.8);--button_accent_hover_color:#064c4c;--button_border_hover_color:rgba(255,255,255,0.8);--button_border_width-top:1px;--button_border_width-right:1px;--button_border_width-bottom:1px;--button_border_width-left:1px;--button-border-radius-top-left:6px;--button-border-radius-top-right:6px;--button-border-radius-bottom-right:6px;--button-border-radius-bottom-left:6px;--button_gradient_top_color:#064c4c;--button_gradient_bottom_color:#064c4c;--button_gradient_top_color_hover:#ffffff;--button_gradient_bottom_color_hover:#ffffff;\" target=\"_self\" href=\"https:\/\/zahnarzt-tempelhof.de\/en\/implantate\/\"><span class=\"fusion-button-text awb-button__text awb-button__text--default\">READ MORE<\/span><\/a><\/div><div class=\"fusion-sep-clear\"><\/div><div class=\"fusion-separator fusion-full-width-sep\" style=\"margin-left: auto;margin-right: auto;margin-bottom:10px;width:100%;\"><div class=\"fusion-separator-border sep-double\" style=\"--awb-height:20px;--awb-amount:20px;border-color:#e0dede;border-top-width:0px;border-bottom-width:0px;\"><\/div><\/div><div class=\"fusion-sep-clear\"><\/div><div class=\"fusion-clearfix\"><\/div><\/div><\/div><div class=\"fusion-layout-column fusion_builder_column fusion-builder-column-5 fusion_builder_column_1_3 1_3 fusion-one-third fusion-column-last\" style=\"--awb-padding-top:5%;--awb-padding-bottom:3%;--awb-overflow:hidden;--awb-bg-color:#e6b78c;--awb-bg-color-hover:#e6b78c;--awb-bg-size:cover;--awb-border-color:#adadad;--awb-border-top:0;--awb-border-right:0;--awb-border-bottom:0;--awb-border-left:0;--awb-border-style:solid;--awb-border-radius:10px 10px 10px 10px;width:33.333333333333%;width:calc(33.333333333333% - ( ( 4% + 4% ) * 0.33333333333333 ) );\"><div class=\"fusion-column-wrapper fusion-column-has-shadow fusion-flex-column-wrapper-legacy\"><div class=\"fusion-image-element fusion-image-align-center in-legacy-container\" style=\"text-align:center;--awb-max-width:90px;--awb-caption-title-font-family:var(--h2_typography-font-family);--awb-caption-title-font-weight:var(--h2_typography-font-weight);--awb-caption-title-font-style:var(--h2_typography-font-style);--awb-caption-title-size:var(--h2_typography-font-size);--awb-caption-title-transform:var(--h2_typography-text-transform);--awb-caption-title-line-height:var(--h2_typography-line-height);--awb-caption-title-letter-spacing:var(--h2_typography-letter-spacing);\"><div class=\"imageframe-align-center\"><span class=\"fusion-imageframe imageframe-none imageframe-4 hover-type-zoomin\"><img decoding=\"async\" width=\"200\" height=\"200\" title=\"Zahnarzt Tempelhof Prophylaxe\" src=\"https:\/\/zahnarzt-tempelhof.de\/wp-content\/uploads\/2021\/03\/Zahn_3.png\" alt class=\"img-responsive wp-image-13380\" srcset=\"https:\/\/zahnarzt-tempelhof.de\/wp-content\/uploads\/2021\/03\/Zahn_3-66x66.png 66w, https:\/\/zahnarzt-tempelhof.de\/wp-content\/uploads\/2021\/03\/Zahn_3-150x150.png 150w, https:\/\/zahnarzt-tempelhof.de\/wp-content\/uploads\/2021\/03\/Zahn_3.png 200w\" sizes=\"(max-width: 200px) 100vw, 200px\" \/><\/span><\/div><\/div><div class=\"fusion-title title fusion-title-5 fusion-sep-none fusion-title-text fusion-title-size-one\" style=\"--awb-text-color:#ffffff;--awb-margin-top:10px;\"><h1 class=\"fusion-title-heading title-heading-left fusion-responsive-typography-calculated\" style=\"margin:0;--fontSize:33;line-height:1.45;\"><p style=\"text-align: center;\">PROPHYLAXE<\/p><\/h1><\/div><div class=\"fusion-text fusion-text-4 text-blocks\"><p style=\"text-align: center;\">A smile with good-looking teeth is the most likeable and convincing business card you have - nurture it!<\/p>\n<\/div><div class=\"fusion-aligncenter\"><a class=\"fusion-button button-flat fusion-button-default-size button-custom fusion-button-default button-3 fusion-button-default-span fusion-button-default-type\" style=\"--button_accent_color:rgba(255,255,255,0.8);--button_border_color:rgba(255,255,255,0.8);--button_accent_hover_color:#e6b78c;--button_border_hover_color:rgba(255,255,255,0.8);--button_border_width-top:1px;--button_border_width-right:1px;--button_border_width-bottom:1px;--button_border_width-left:1px;--button-border-radius-top-left:6px;--button-border-radius-top-right:6px;--button-border-radius-bottom-right:6px;--button-border-radius-bottom-left:6px;--button_gradient_top_color:#e6b78c;--button_gradient_bottom_color:#e6b78c;--button_gradient_top_color_hover:#ffffff;--button_gradient_bottom_color_hover:#ffffff;\" target=\"_self\" href=\"https:\/\/zahnarzt-tempelhof.de\/en\/pzr-prophylaxe\/\"><span class=\"fusion-button-text awb-button__text awb-button__text--default\">READ MORE<\/span><\/a><\/div><div class=\"fusion-sep-clear\"><\/div><div class=\"fusion-separator fusion-full-width-sep\" style=\"margin-left: auto;margin-right: auto;margin-bottom:10px;width:100%;\"><div class=\"fusion-separator-border sep-double\" style=\"--awb-height:20px;--awb-amount:20px;border-color:#e0dede;border-top-width:0px;border-bottom-width:0px;\"><\/div><\/div><div class=\"fusion-sep-clear\"><\/div><div class=\"fusion-clearfix\"><\/div><\/div><\/div><\/div><\/div><div class=\"fusion-fullwidth fullwidth-box fusion-builder-row-3 nonhundred-percent-fullwidth non-hundred-percent-height-scrolling\" style=\"--awb-border-radius-top-left:0px;--awb-border-radius-top-right:0px;--awb-border-radius-bottom-right:0px;--awb-border-radius-bottom-left:0px;--awb-flex-wrap:wrap;\" ><div class=\"fusion-builder-row fusion-row\"><div class=\"fusion-layout-column fusion_builder_column fusion-builder-column-6 fusion_builder_column_1_1 1_1 fusion-one-full fusion-column-first fusion-column-last\" style=\"--awb-bg-size:cover;\"><div class=\"fusion-column-wrapper fusion-flex-column-wrapper-legacy\"><div class=\"stars-testimonials premio-testimonials-slider\" id=\"st-1560043577\"><div class=\"premio-testimonials-content wcp-slick\"  data-id = \"2\"  data-autoplay='true'  data-dots='true'  data-arrows='true'  data-autoplayspeed='12000'  data-speed='1200'  data-slidestoshow='1'  data-slidestoscroll='2' ><div class=\"pre-testimonials-content\"><div class=\"figure style4 st-testimonial-bg\">\n    <div class=\"blockquote st-testimonial-content\">\n                    <p>Sehr Freundlich und keine Langen Wartezeiten<br \/>Arbeiten Sauber !<br \/>Bin mit den Zahnarzt ,der mit einen Lockeren Spruch gerne mal Ablenkt und Sein Team Sehr Zufrieden .<\/p>\n            <\/div>\n    <div class=\"starrating st-rating\" title=\"Rated 5.0 out of 5.0\">\n        <i class=\"pst-star\"><\/i><i class=\"pst-star\"><\/i><i class=\"pst-star\"><\/i><i class=\"pst-star\"><\/i><i class=\"pst-star\"><\/i>    <\/div>\n    <div class=\"star-author\">        <h5 class=\"st-testimonial-title\">Ela B.<\/h5><span class=\"st-testimonial-company\"><\/span>\n    <\/div>\n<\/div><\/div><div class=\"pre-testimonials-content\"><div class=\"figure style4 st-testimonial-bg\">\n    <div class=\"blockquote st-testimonial-content\">\n                    <p>Fachkundige &amp; sehr netter Zahn\u00e4rzt, moderne Ausstattung, freundliches Praxisteam, auch spontane Termine sind m\u00f6glich, Top Zeitmanagement &#8211; man kommt immer p\u00fcnktlich dran.<\/p>\n            <\/div>\n    <div class=\"starrating st-rating\" title=\"Rated 5 out of 5.0\">\n        <i class=\"pst-star\"><\/i><i class=\"pst-star\"><\/i><i class=\"pst-star\"><\/i><i class=\"pst-star\"><\/i><i class=\"pst-star\"><\/i>    <\/div>\n    <div class=\"star-author\">        <h5 class=\"st-testimonial-title\">Maxim B.<\/h5><span class=\"st-testimonial-company\"><\/span>\n    <\/div>\n<\/div><\/div><div class=\"pre-testimonials-content\"><div class=\"figure style4 st-testimonial-bg\">\n    <div class=\"blockquote st-testimonial-content\">\n                    <p>Kenn ihn schon seit guten 10 jahren. Immer nett und freundlich. Wartezeiten: nein ( auch ohne Termin- mit Schmerzen wurde ich reingebeten)<\/p>\n            <\/div>\n    <div class=\"starrating st-rating\" title=\"Rated 5 out of 5.0\">\n        <i class=\"pst-star\"><\/i><i class=\"pst-star\"><\/i><i class=\"pst-star\"><\/i><i class=\"pst-star\"><\/i><i class=\"pst-star\"><\/i>    <\/div>\n    <div class=\"star-author\">        <h5 class=\"st-testimonial-title\">Michael Jung<\/h5><span class=\"st-testimonial-company\"><\/span>\n    <\/div>\n<\/div><\/div><\/div><\/div><style>#st-1560043577 .st-rating { color:  #ffd851; }#st-1560043577 .st-testimonial-content { color:  #333333; }#st-1560043577 .st-testimonial-content p { color:  #333333; }#st-1560043577 .st-testimonial-bg { background-color: #fafafa; }#st-1560043577 .style1 .arrow { border-top-color: #fafafa; }#st-1560043577 .style3 .arrow { border-top-color: #fafafa; }#st-1560043577 .style10 .arrow { border-top-color: #fafafa; }#st-1560043577 .style7 { border-bottom-color: #fafafa; }#st-1560043577 .style7::before { background-color: #fafafa; }#st-1560043577 .st-style17 .st-testimonial-bg::before { border-color: transparent transparent transparent #fafafa; }#st-1560043577 .st-testimonial-title { color: #333333; }#st-1560043577 .slick-prev:before, #st-1560043577 .slick-next:before { color: #2980b9; }#st-1560043577 .st-testimonial-company { color: #333333; }#st-1560043577 a.stars-read-more, #st-1560043577 a.stars-read-more:focus {color: #;}<\/style><div class=\"fusion-clearfix\"><\/div><\/div><\/div><\/div><\/div><\/p>","protected":false},"excerpt":{"rendered":"","protected":false},"author":1,"featured_media":0,"parent":0,"menu_order":0,"comment_status":"closed","ping_status":"closed","template":"100-width.php","meta":{"footnotes":""},"class_list":["post-10709","page","type-page","status-publish","hentry"],"_links":{"self":[{"href":"https:\/\/zahnarzt-tempelhof.de\/en\/wp-json\/wp\/v2\/pages\/10709","targetHints":{"allow":["GET"]}}],"collection":[{"href":"https:\/\/zahnarzt-tempelhof.de\/en\/wp-json\/wp\/v2\/pages"}],"about":[{"href":"https:\/\/zahnarzt-tempelhof.de\/en\/wp-json\/wp\/v2\/types\/page"}],"author":[{"embeddable":true,"href":"https:\/\/zahnarzt-tempelhof.de\/en\/wp-json\/wp\/v2\/users\/1"}],"replies":[{"embeddable":true,"href":"https:\/\/zahnarzt-tempelhof.de\/en\/wp-json\/wp\/v2\/comments?post=10709"}],"version-history":[{"count":211,"href":"https:\/\/zahnarzt-tempelhof.de\/en\/wp-json\/wp\/v2\/pages\/10709\/revisions"}],"predecessor-version":[{"id":13399,"href":"https:\/\/zahnarzt-tempelhof.de\/en\/wp-json\/wp\/v2\/pages\/10709\/revisions\/13399"}],"wp:attachment":[{"href":"https:\/\/zahnarzt-tempelhof.de\/en\/wp-json\/wp\/v2\/media?parent=10709"}],"curies":[{"name":"wp","href":"https:\/\/api.w.org\/{rel}","templated":true}]}}