{"id":12092,"date":"2018-05-27T22:25:55","date_gmt":"2018-05-27T20:25:55","guid":{"rendered":"http:\/\/zahnarzt-tempelhof.de\/?page_id=12092"},"modified":"2018-11-19T16:26:26","modified_gmt":"2018-11-19T15:26:26","slug":"impressum","status":"publish","type":"page","link":"https:\/\/zahnarzt-tempelhof.de\/en\/impressum\/","title":{"rendered":"Imprint"},"content":{"rendered":"<div class=\"fusion-fullwidth fullwidth-box fusion-builder-row-1 nonhundred-percent-fullwidth non-hundred-percent-height-scrolling\" style=\"--awb-border-radius-top-left:0px;--awb-border-radius-top-right:0px;--awb-border-radius-bottom-right:0px;--awb-border-radius-bottom-left:0px;--awb-flex-wrap:wrap;\" ><div class=\"fusion-builder-row fusion-row\"><div class=\"fusion-layout-column fusion_builder_column fusion-builder-column-0 fusion_builder_column_1_1 1_1 fusion-one-full fusion-column-first fusion-column-last\" style=\"--awb-bg-size:cover;\"><div class=\"fusion-column-wrapper fusion-flex-column-wrapper-legacy\"><div class=\"fusion-text fusion-text-1\"><h2 style=\"text-align: center;\">Dr. Dietmar Kuhn<\/h2>\n<p style=\"text-align: center;\"><a href=\"https:\/\/zahnarzt-tempelhof.de\/en\/home.html\/\">www.zahnarzt-tempelhof.de<\/a><\/p>\n<p style=\"text-align: center;\"><u>Website-Betreiber:<\/u><br \/>\nDr. Dietmar Kuhn<br \/>\nTelefon: 030 &#8211; 751 00 00<\/p>\n<p style=\"text-align: center;\"><u>Zust\u00e4ndige Aufsichtsbeh\u00f6rden:<\/u><br \/>\nLandesamt f\u00fcr Gesundheit und Soziales, Turmstr. 21, 10559 Berlin<\/p>\n<p style=\"text-align: center;\"><u>Sozialrechtliche Aufsicht:<\/u><br \/>\nKZV-Berlin, Georg-Wilhelm-Stra\u00dfe 16, 10711 Berlin<\/p>\n<p style=\"text-align: center;\"><u>Zust\u00e4ndige Kammer \/ berufsrechtliche Aufsicht:<\/u><br \/>\nBerlin Dentists' Association<br \/>\nStallstr. 1<br \/>\n10585 Berlin<br \/>\nTel. 34808-0<\/p>\n<p style=\"text-align: center;\"><u>Berufsbezeichnung:<\/u><br \/>\nZahnarzt (verliehen in der Bundesrepublik Deutschland)<\/p>\n<p style=\"text-align: center;\"><u>Berufsrechtliche Regelungen:<\/u><\/p>\n<p style=\"text-align: center;\">Berufsordnung der Zahn\u00e4rztekammer Berlin in der aktuellen Fassung:<br \/>\n<a href=\"http:\/\/www.zaek-berlin.de\/fileadmin\/dokumente\/Zentraler_Hauptordner\/Kammerhandbuch\/5_Berufsordnung.pdf\" target=\"_blank\" rel=\"noopener\">Download (PDF)<\/a><br \/>\nZahnheilkundegesetz in der aktuell g\u00fcltigen Fassung:<br \/>\n<a href=\"http:\/\/www.zaek-berlin.de\/fileadmin\/dokumente\/Zentraler_Hauptordner\/Kammerhandbuch\/1_Gesetz_ueber_die_Ausuebung_der_Zahnheilkunde.pdf\" target=\"_blank\" rel=\"noopener\">Download (PDF)<\/a><\/p>\n<p style=\"text-align: center;\">Ich habe alle Verlinkungen \u00fcberpr\u00fcft und konnte keine illegalen Inhalte feststellen.<\/p>\n<p style=\"text-align: center;\"><u>Haftungsausschluss:<\/u><br \/>\nDer Inhaber dieser Webseite erkl\u00e4rt hiermit ausdr\u00fccklich, dass zum Zeitpunkt der Linksetzung keine illegalen Inhalte auf den zu verlinkenden Seiten erkennbar waren. Auf die aktuelle und zuk\u00fcnftige Gestaltung, die Inhalte oder die Urheberschaft der gelinkten \/ verkn\u00fcpften Seiten hat die Zahn\u00e4rztekammer Berlin keinerlei Einfluss. Deshalb distanziert sie sich hiermit ausdr\u00fccklich von allen Inhalten aller gelinkten \/ verkn\u00fcpften Seiten. Diese Feststellung gilt f\u00fcr alle innerhalb des eigenen Internetangebotes gesetzten Links und Verweise sowie etwaige Fremdeintr\u00e4ge in vom Webmaster der Zahn\u00e4rztekammer Berlin eingerichteten G\u00e4steb\u00fcchern, Diskussionsforen und Mailinglisten.<\/p>\n<p style=\"text-align: center;\">F\u00fcr illegale, fehlerhafte oder unvollst\u00e4ndige Inhalte und insbesondere f\u00fcr Sch\u00e4den, die aus der Nutzung oder Nichtnutzung solcherart dargebotener Informationen entstehen, haftet allein der Anbieter der Seite, auf welche verwiesen wurde, nicht derjenige, der \u00fcber Links auf die jeweilige Ver\u00f6ffentlichung lediglich verweist. Der Inhaber dieser Webseite distanziert sich im erl\u00e4uterten Sinne von den Inhalten aller verlinkten Websites auf dieser Internetpr\u00e4senz und macht sich deren Inhalte nicht zu eigen.<\/p>\n<p style=\"text-align: center;\"><u>Urheberrechte:<\/u><br \/>\nF\u00fcr den Inhalt dieser Website besteht Urheberrecht. Alle Rechte bleiben vorbehalten. Ohne vorherige schriftliche Zustimmung von Dr. Dietmar Kuhn d\u00fcrfen keine Angaben auf der Website, insbesondere keine Texte, Bilder oder Sound, vervielf\u00e4ltigt, verbreitet, \u00f6ffentlich ausgestellt oder auf sonstige Weise verwertet werden.<\/p>\n<p style=\"text-align: center;\">Die Website beinhaltet auch urheberrechtlich gesch\u00fctzte Werke Dritter.<\/p>\n<p style=\"text-align: center;\"><u>Haftungshinweis:<\/u><br \/>\nTrotz sorgf\u00e4ltiger inhaltlicher Kontrolle \u00fcbernehmen wir keine Haftung f\u00fcr die Inhalte externer Links. F\u00fcr den Inhalt der verlinkten Seiten sind ausschlie\u00dflich deren Betreiber verantwortlich.<\/p>\n<p style=\"text-align: center;\"><u>Information zur au\u00dfergerichtlichen Streitbeilegung:<\/u><br \/>\nDie Landeszahn\u00e4rztekammer Berlin hat eine Schlichtungs- und Gutachterstelle eingerichtet, die von Patientinnen und Patienten bei Zweifeln an der Richtigkeit zahn\u00e4rztlicher Leistungen angerufen werden kann. Obgleich die Teilnahme f\u00fcr mich als Zahnarzt freiwillig ist, stelle ich mich auf Ihren Wunsch hin auch einem solchen Verfahren.<\/p>\n<\/div><div class=\"fusion-clearfix\"><\/div><\/div><\/div><\/div><\/div>","protected":false},"excerpt":{"rendered":"","protected":false},"author":1,"featured_media":0,"parent":0,"menu_order":0,"comment_status":"closed","ping_status":"closed","template":"","meta":{"footnotes":""},"class_list":["post-12092","page","type-page","status-publish","hentry"],"_links":{"self":[{"href":"https:\/\/zahnarzt-tempelhof.de\/en\/wp-json\/wp\/v2\/pages\/12092","targetHints":{"allow":["GET"]}}],"collection":[{"href":"https:\/\/zahnarzt-tempelhof.de\/en\/wp-json\/wp\/v2\/pages"}],"about":[{"href":"https:\/\/zahnarzt-tempelhof.de\/en\/wp-json\/wp\/v2\/types\/page"}],"author":[{"embeddable":true,"href":"https:\/\/zahnarzt-tempelhof.de\/en\/wp-json\/wp\/v2\/users\/1"}],"replies":[{"embeddable":true,"href":"https:\/\/zahnarzt-tempelhof.de\/en\/wp-json\/wp\/v2\/comments?post=12092"}],"version-history":[{"count":4,"href":"https:\/\/zahnarzt-tempelhof.de\/en\/wp-json\/wp\/v2\/pages\/12092\/revisions"}],"predecessor-version":[{"id":12481,"href":"https:\/\/zahnarzt-tempelhof.de\/en\/wp-json\/wp\/v2\/pages\/12092\/revisions\/12481"}],"wp:attachment":[{"href":"https:\/\/zahnarzt-tempelhof.de\/en\/wp-json\/wp\/v2\/media?parent=12092"}],"curies":[{"name":"wp","href":"https:\/\/api.w.org\/{rel}","templated":true}]}}