{"id":12094,"date":"2018-05-27T22:27:40","date_gmt":"2018-05-27T20:27:40","guid":{"rendered":"http:\/\/zahnarzt-tempelhof.de\/?page_id=12094"},"modified":"2018-05-27T22:31:37","modified_gmt":"2018-05-27T20:31:37","slug":"datenschutz","status":"publish","type":"page","link":"https:\/\/zahnarzt-tempelhof.de\/en\/datenschutz\/","title":{"rendered":"Data protection"},"content":{"rendered":"<div class=\"fusion-fullwidth fullwidth-box fusion-builder-row-1 nonhundred-percent-fullwidth non-hundred-percent-height-scrolling\" style=\"--awb-border-radius-top-left:0px;--awb-border-radius-top-right:0px;--awb-border-radius-bottom-right:0px;--awb-border-radius-bottom-left:0px;--awb-flex-wrap:wrap;\" ><div class=\"fusion-builder-row fusion-row\"><div class=\"fusion-layout-column fusion_builder_column fusion-builder-column-0 fusion_builder_column_1_1 1_1 fusion-one-full fusion-column-first fusion-column-last\" style=\"--awb-bg-size:cover;\"><div class=\"fusion-column-wrapper fusion-flex-column-wrapper-legacy\"><div class=\"fusion-text fusion-text-1\"><h2>Datenschutzerkl\u00e4rung<\/h2>\n<p><u>Datenschutzerkl\u00e4rung<\/u>\u00a0<a href=\"https:\/\/zahnarzt-tempelhof.de\/en\/home.html\/\">www.zahnarzt-tempelhof.de<\/a>\u00a0bei Erhebung von personenbezogene Daten bei der betroffenen Person gem\u00e4\u00df Art. 13 DSGVO<\/p>\n<p>Nachfolgend erhalten Sie Informationen \u00fcber die Erhebung personenbezogener Daten bei Nutzung unserer Internetseite. Zu den personenbezogene Daten geh\u00f6ren alle Daten, die auf Sie pers\u00f6nlich beziehbar sind (z.B. Name, Adresse, E-Mail- Adressen, Nutzerverhalten, IP- Adresse).<\/p>\n<p><strong>1. Wer ist in unserer Praxis f\u00fcr den Datenschutz verantwortlich?<\/strong><\/p>\n<p>In unserer Praxis ist f\u00fcr den Datenschutz verantwortlich und steht Ihnen bei Fragen zur Verf\u00fcgung:<\/p>\n<table style=\"height: 118px;\" width=\"535\">\n<tbody>\n<tr>\n<th style=\"text-align: left;\">Praxisinhaber<\/th>\n<th style=\"text-align: left;\">Dr. Dietmar Kuhn<\/th>\n<\/tr>\n<tr>\n<td>Rechtsform der Praxis<\/td>\n<td>Einzelpraxis<\/td>\n<\/tr>\n<tr>\n<td>Praxisadresse<\/td>\n<td>Alt-Tempelhof 23\/25, 12103 Berlin<\/td>\n<\/tr>\n<tr>\n<td>Telefon<\/td>\n<td>030 751 00 00<\/td>\n<\/tr>\n<tr>\n<td>E-Mail<\/td>\n<td>info(at)zahnarzt-tempelhof.de<\/td>\n<\/tr>\n<\/tbody>\n<\/table>\n<p><strong>2. In unserer Praxis sind weniger als 10 Personen mit der automatisierten Verarbeitung personenbezogener Daten besch\u00e4ftigt.<\/strong><\/p>\n<p>Die Verarbeitung solcher Daten geh\u00f6rt nicht zum Kerngesch\u00e4ft der Zahnarztpraxis.<\/p>\n<p><strong>3. Welche personenbezogenen Daten erheben wir?<\/strong><\/p>\n<p>Wir erheben, speichern, nutzen, \u00fcbermitteln oder l\u00f6schen folgende personenbezogene Daten:<\/p>\n<p>&#8211; Interessenten unserer Internetseite und Patienten unserer Praxis, die nat\u00fcrliche Personen sind<br \/>\n&#8211; Allen anderen nat\u00fcrlichen Personen, die in Kontakt mit unserer Praxis stehen (z.B. Bevollm\u00e4chtigte von Patienten, Erziehungsberechtigte von Patienten, Mitarbeiter juristischer Personen, Besucher unserer Internetseite)<\/p>\n<p>Personenbezogenen Daten von Ihnen werden von uns erhoben, wenn Sie mit uns z.B. per E-Mail oder Telefon in Kontakt treten und einen Behandlungstermin ausmachen wollen.<\/p>\n<p>Folgende pers\u00f6nliche Daten verarbeiten wir:<\/p>\n<ul>\n<li>Pers\u00f6nliche Angaben (z.B. Vor- und Nachnamen, Adresse, Geburtsdatum und -ort, E-Mail- Adresse, Telefonnummer, Versicherungsstatus);<\/li>\n<li>Daten zu Ihrem Online-Verhalten und -pr\u00e4ferenzen (z.B. IP-Adressen, eindeutige Zuordnungsmerkmale mobiler Endger\u00e4te, Daten zu Ihren Besuchen auf unserer Internetseite, Endger\u00e4te, mit denen Sie unsere Internetseite besucht haben)<\/li>\n<\/ul>\n<p>Angaben zu Kindern erheben wir nur dann, wenn diese durch die Erziehungsberechtigten in unserer Praxis als Patient vorgestellt werden.<\/p>\n<p><strong>4. Wer erh\u00e4lt ggf. Ihre personenbezogenen Daten \u00fcbermittelt?<\/strong><\/p>\n<p>Falls einzelne Funktionen unserer Internetseite auf beauftragte Dienstleister zur\u00fcckgreifen, informieren wir Sie in Ziffer 5 dieser Datenschutzerkl\u00e4rung im Detail \u00fcber die jeweiligen Vorg\u00e4nge. Dabei nennen wir auch die festgelegten Kriterien der Speicherdauer.<\/p>\n<p><strong>5. Welchem Zweck dienen Ihre Daten und mit welcher Rechtfertigung d\u00fcrfen wir diese nutzen?<\/strong><\/p>\n<p>Wenn Sie unsere Internetseite ausschlie\u00dflich dazu nutzen, sich \u00fcber unsere Praxis zu informieren, erheben wir nur die personenbezogenen Daten, die Ihr Browser an unseren Server \u00fcbermittelt. Wenn Sie unsere Website betrachten m\u00f6chten, erheben wir die folgenden Daten, die f\u00fcr uns technisch erforderlich sind, um Ihnen unsere Website anzuzeigen und die Stabilit\u00e4t und Sicherheit zu gew\u00e4hrleisten (Rechtsgrundlage ist Art. 6 Abs. 1 S. 1 lit. f DSGVO):<\/p>\n<ul>\n<li>IP-Adresse<\/li>\n<li>Datum und Uhrzeit der Anfrage<\/li>\n<li>Zeitzonendifferenz zur Greenwich Mean Time (GMT)<\/li>\n<li>Inhalt der Anforderung (konkrete Seite)<\/li>\n<li>Zugriffsstatus\/HTTP-Statuscode<\/li>\n<li>jeweils \u00fcbertragene Datenmenge<\/li>\n<li>Website, von der die Anforderung kommt<\/li>\n<li>Browser<\/li>\n<li>Betriebssystem und dessen Oberfl\u00e4che<\/li>\n<li>Sprache und Version der Browsersoftware.<\/li>\n<\/ul>\n<p>Zus\u00e4tzlich zu diesen Daten werden bei Ihrer Nutzung unserer Internetseite auch Cookies auf Ihrem Rechner gespeichert. Bei Cookies handelt es sich um kleine Textdateien, die auf Ihrer Festplatte dem von Ihnen verwendeten Browser zugeordnet gespeichert werden und durch welche der Stelle, die den Cookie setzt (hier durch uns), bestimmte Informationen zuflie\u00dfen. Cookies k\u00f6nnen keine Programme ausf\u00fchren oder Viren auf Ihren Computer \u00fcbertragen. Sie dienen dazu, das Internetangebot insgesamt nutzerfreundlicher und effektiver zu machen.<\/p>\n<p>Einsatz von Cookies:<\/p>\n<ol>\n<li>Diese Website nutzt folgende Arten von Cookies, deren Umfang und Funktionsweise im Folgenden erl\u00e4utert werden:\n<ul>\n<li>Transiente Cookies (dazu 2)<\/li>\n<li>Persistente Cookies (dazu 3).<\/li>\n<\/ul>\n<\/li>\n<li>Transiente Cookies werden automatisiert gel\u00f6scht, wenn Sie den Browser schlie\u00dfen. Dazu z\u00e4hlen insbesondere die Session-Cookies. Diese speichern eine sogenannte Session-ID, mit welcher sich verschiedene Anfragen Ihres Browsers der gemeinsamen Sitzung zuordnen lassen. Dadurch kann Ihr Rechner wiedererkannt werden, wenn Sie auf unsere Website zur\u00fcckkehren. Die Session-Cookies werden gel\u00f6scht, wenn Sie sich ausloggen oder den Browser schlie\u00dfen.<\/li>\n<li>Persistente Cookies werden automatisiert nach einer vorgegebenen Dauer gel\u00f6scht, die sich je nach Cookie unterscheiden kann. Sie k\u00f6nnen die Cookies in den Sicherheitseinstellungen Ihres Browsers jederzeit l\u00f6schen.<\/li>\n<li>Sie k\u00f6nnen Ihre Browser-Einstellung entsprechend Ihren W\u00fcnschen konfigurieren und z.\u2009B. die Annahme von Third-Party- Cookies oder allen Cookies ablehnen. Wir weisen Sie darauf hin, dass Sie eventuell nicht alle Funktionen dieser Website nutzen k\u00f6nnen.<\/li>\n<li>Auf unserer Seite verwenden wir externe Tools, Google Maps, Google Analytics und Google my Business. Bitte beachten Sie die entsprechenden Datenschutzbedingungen:\u00a0<a href=\"https:\/\/policies.google.com\/privacy?hl=de\">Google Policies<\/a><\/li>\n<li>Achten Sie darauf, \u00fcber das Kontaktformular\u00a0<strong>keinerlei medizinische Daten<\/strong>\u00a0oder Informationen zu \u00fcbermitteln. Wir bitten Sie ausdr\u00fccklich, in solchen F\u00e4llen vorher telefonischen Kontakt mit uns aufzunehmen und Gesundheitsdaten jedweder Art nur verschl\u00fcsselt ans uns und nur nach Absprache zu \u00fcbersenden.<\/li>\n<\/ol>\n<p>Wollen Sie per E-Mail oder \u00fcber unser Kontaktformular einen Behandlungstermin vereinbaren oder eine Frage an uns richten, werden die von Ihnen mitgeteilten Daten (Ihre E-Mail- Adresse, ggf. Ihr Name und Ihre Telefonnummer) von uns gespeichert, um Ihnen einen Behandlungstermin zuweisen oder die Anfrage beantworten zu k\u00f6nnen. Die in diesem Zusammenhang anfallenden Daten l\u00f6schen wir, nachdem die Speicherung nicht mehr erforderlich ist, oder schr\u00e4nken die Verarbeitung ein, falls gesetzliche Aufbewahrungspflichten bestehen (Rechtsgrundlage ist Art. 6 Abs. 1 S. 1 lit. b DSGVO).<\/p>\n<p><strong>6. Welche Rechte haben Sie im Zusammenhang mit dem Datenschutz?<\/strong><\/p>\n<p>Sie haben gegen\u00fcber uns folgende Rechte hinsichtlich der Sie betreffenden personenbezogenen Daten:<\/p>\n<ul>\n<li>Recht auf Auskunft,<\/li>\n<li>Recht auf Berichtigung oder L\u00f6schung,<\/li>\n<li>Recht auf Einschr\u00e4nkung der Verarbeitung,<\/li>\n<li>Recht auf Widerspruch gegen die Verarbeitung,<\/li>\n<li>Recht auf Daten\u00fcbertragbarkeit.<\/li>\n<\/ul>\n<p><strong>7. Wie k\u00f6nnen Sie sich ggf. beschweren?<\/strong><\/p>\n<p>Sie haben die M\u00f6glichkeit, sich mit einer Beschwerde im Zusammenhang mit der Datenverarbeitung an die f\u00fcr uns zust\u00e4ndige Datenschutzaufsicht zu wenden:<\/p>\n<p>Berliner Beauftragter f\u00fcr Datenschutz und Informationsfreiheit<br \/>\nFriedrichstr. 219<br \/>\nBesuchereingang: Puttkamerstr. 16-18 (5. Etage)<br \/>\n10969 Berlin<br \/>\nTelefon: 030 13889-0<br \/>\nTelefax: 030 2155050<br \/>\nE-Mail: mailbox@datenschutz-berlin.de<\/p>\n<\/div><div class=\"fusion-clearfix\"><\/div><\/div><\/div><\/div><\/div>","protected":false},"excerpt":{"rendered":"","protected":false},"author":1,"featured_media":0,"parent":0,"menu_order":0,"comment_status":"closed","ping_status":"closed","template":"","meta":{"footnotes":""},"class_list":["post-12094","page","type-page","status-publish","hentry"],"_links":{"self":[{"href":"https:\/\/zahnarzt-tempelhof.de\/en\/wp-json\/wp\/v2\/pages\/12094","targetHints":{"allow":["GET"]}}],"collection":[{"href":"https:\/\/zahnarzt-tempelhof.de\/en\/wp-json\/wp\/v2\/pages"}],"about":[{"href":"https:\/\/zahnarzt-tempelhof.de\/en\/wp-json\/wp\/v2\/types\/page"}],"author":[{"embeddable":true,"href":"https:\/\/zahnarzt-tempelhof.de\/en\/wp-json\/wp\/v2\/users\/1"}],"replies":[{"embeddable":true,"href":"https:\/\/zahnarzt-tempelhof.de\/en\/wp-json\/wp\/v2\/comments?post=12094"}],"version-history":[{"count":5,"href":"https:\/\/zahnarzt-tempelhof.de\/en\/wp-json\/wp\/v2\/pages\/12094\/revisions"}],"predecessor-version":[{"id":12099,"href":"https:\/\/zahnarzt-tempelhof.de\/en\/wp-json\/wp\/v2\/pages\/12094\/revisions\/12099"}],"wp:attachment":[{"href":"https:\/\/zahnarzt-tempelhof.de\/en\/wp-json\/wp\/v2\/media?parent=12094"}],"curies":[{"name":"wp","href":"https:\/\/api.w.org\/{rel}","templated":true}]}}