{"id":13339,"date":"2019-10-06T18:29:24","date_gmt":"2019-10-06T16:29:24","guid":{"rendered":"https:\/\/zahnarzt-tempelhof.de\/?page_id=13339"},"modified":"2020-03-13T14:27:01","modified_gmt":"2020-03-13T13:27:01","slug":"termin-anfragen","status":"publish","type":"page","link":"https:\/\/zahnarzt-tempelhof.de\/en\/termin-anfragen\/","title":{"rendered":"Termin anfragen"},"content":{"rendered":"<p><div class=\"fusion-fullwidth fullwidth-box fusion-builder-row-1 nonhundred-percent-fullwidth non-hundred-percent-height-scrolling\" style=\"--awb-border-radius-top-left:0px;--awb-border-radius-top-right:0px;--awb-border-radius-bottom-right:0px;--awb-border-radius-bottom-left:0px;--awb-flex-wrap:wrap;\" ><div class=\"fusion-builder-row fusion-row\"><div class=\"fusion-layout-column fusion_builder_column fusion-builder-column-0 fusion_builder_column_1_1 1_1 fusion-one-full fusion-column-first fusion-column-last\" style=\"--awb-bg-size:cover;\"><div class=\"fusion-column-wrapper fusion-column-has-shadow fusion-flex-column-wrapper-legacy\"><div class=\"fusion-title title fusion-title-1 fusion-title-center fusion-title-text fusion-title-size-one\"><div class=\"title-sep-container title-sep-container-left\"><div class=\"title-sep sep-single sep-solid\" style=\"border-color:#e0dede;\"><\/div><\/div><span class=\"awb-title-spacer\"><\/span><h1 class=\"fusion-title-heading title-heading-center fusion-responsive-typography-calculated\" style=\"margin:0;--fontSize:33;line-height:1.45;\"><h3 class=\"jamasshead-title\" style=\"text-align: left;\">Reservieren Sie online Ihren Wunschtermin bei der Zahnarztpraxis Dr. Kuhn<\/h3><\/h1><span class=\"awb-title-spacer\"><\/span><div class=\"title-sep-container title-sep-container-right\"><div class=\"title-sep sep-single sep-solid\" style=\"border-color:#e0dede;\"><\/div><\/div><\/div><div class=\"fusion-clearfix\"><\/div><\/div><\/div><div class=\"fusion-layout-column fusion_builder_column fusion-builder-column-1 fusion_builder_column_2_3 2_3 fusion-two-third fusion-column-first\" style=\"--awb-bg-size:cover;width:66.666666666667%;width:calc(66.666666666667% - ( ( 4% ) * 0.66666666666667 ) );margin-right: 4%;\"><div class=\"fusion-column-wrapper fusion-column-has-shadow fusion-flex-column-wrapper-legacy\"><div class=\"fusion-text fusion-text-1\"><div class=\"entry-title\">\n<h2>HERZLICH WILLKOMMEN<\/h2>\n<\/div>\n<div class=\"entry-content intro\">\n<p>\u2026bei der Zahnarztpraxis Dr. Kuhn. Wir freuen uns, dass Sie unsere Homepage besuchen, auf der Sie viele Infos zu unserer Praxis, unserem Team und unseren zahn\u00e4rztlichen Leistungen finden.<\/p>\n<\/div>\n<\/div><div class=\"fusion-text fusion-text-2\"><div class=\"entry-title\">\n<p>Terminvereinbarungen mit Ihrem Zahnarzt k\u00f6nnen Sie ab sofort auch au\u00dferhalb der \u00d6ffnungszeiten unserer Praxis\u00a0<strong>24h an allen Tagen der Woche<\/strong>\u00a0einfach und bequem\u00a0<strong>online reservieren<\/strong>. Profitieren Sie von einer\u00a0<strong>flexiblen Terminwahl<\/strong>\u00a0und buchen Sie &#8211; egal ob\u00a0<strong>Neupatient<\/strong>\u00a0oder\u00a0<strong>Bestandspatient<\/strong>\u00a0&#8211; innerhalb weniger Sekunden Ihren gew\u00fcnschten Behandlungstermin.<\/p>\n<p><em>Bitte beachten Sie, dass zur\u00a0<strong>Pr\u00fcfung<\/strong>\u00a0Ihrer Angaben und\u00a0<strong>Vermeidung<\/strong> von Fehleingaben w\u00e4hrend des Registrierungsvorgangs eine erreichbare Mobilfunknummer erforderlich ist.<\/em><\/p>\n<p><em>Geben Sie zur Vereinbarung eines Termins zuerst die\u00a0<strong>Art der Behandlung (Sprechstunde)<\/strong>\u00a0an. Im Kalender w\u00e4hlen Sie nun den\u00a0<strong>gew\u00fcnschten Zeitpunkt<\/strong> aus und klicken dann auf die entsprechende Uhrzeit. <strong>Nach der Reservierung wird eine Mitarbeiterin von der Praxis Sie schnellstm\u00f6glich telefonisch kontaktieren und Ihnen den gew\u00fcnschten Termin best\u00e4tigen.<\/strong><\/em><\/p>\n<\/div>\n<\/div><div class=\"fusion-text fusion-text-3\"><p><strong>Sie haben akute Beschwerden und ben\u00f6tigen sofort einen Termin ?<\/strong><br \/>\nZur Notfallbehandlung haben wir st\u00e4ndig kurzfristige Behandlungstermine reserviert. Bitte rufen Sie uns hierzu w\u00e4hrend der \u00d6ffnungszeiten unserer Praxis unter\u00a0<i class=\"fa fa-phone\"><\/i> 030-751 00 00.<\/p>\n<\/div><div class=\"fusion-clearfix\"><\/div><\/div><\/div><div class=\"fusion-layout-column fusion_builder_column fusion-builder-column-2 fusion_builder_column_1_3 1_3 fusion-one-third fusion-column-last\" style=\"--awb-bg-size:cover;width:33.333333333333%;width:calc(33.333333333333% - ( ( 4% ) * 0.33333333333333 ) );\"><div class=\"fusion-column-wrapper fusion-column-has-shadow fusion-flex-column-wrapper-legacy\">[booked-calendar]<div class=\"fusion-clearfix\"><\/div><\/div><\/div><\/div><\/div><div class=\"fusion-fullwidth fullwidth-box fusion-builder-row-2 nonhundred-percent-fullwidth non-hundred-percent-height-scrolling\" style=\"--awb-border-radius-top-left:0px;--awb-border-radius-top-right:0px;--awb-border-radius-bottom-right:0px;--awb-border-radius-bottom-left:0px;--awb-flex-wrap:wrap;\" ><div class=\"fusion-builder-row fusion-row\"><div class=\"fusion-layout-column fusion_builder_column fusion-builder-column-3 fusion_builder_column_1_1 1_1 fusion-one-full fusion-column-first fusion-column-last\" style=\"--awb-bg-size:cover;\"><div class=\"fusion-column-wrapper fusion-column-has-shadow fusion-flex-column-wrapper-legacy\">\t\t\t\t\t<script type=\"text\/javascript\">\n\t\t\t\t\t\tvar map_fusion_map_69f372e3b3002;\n\t\t\t\t\t\tvar markers = [];\n\t\t\t\t\t\tvar counter = 0;\n\t\t\t\t\t\t\t\t\t\t\t\t\t\t\t\t\t\t\t\tvar fusionMapNonce = 'df96ec1125';\n\t\t\t\t\t\t\t\t\t\t\t\tfunction fusion_run_map_fusion_map_69f372e3b3002() {\n\t\t\t\t\t\t\tjQuery('#fusion_map_69f372e3b3002').fusion_maps({\n\t\t\t\t\t\t\t\taddresses: [{\"address\":\"Alt-Tempelhof 23\\\/25 12103 Berlin\",\"infobox_content\":\"Alt-Tempelhof 23\\\/25 12103 Berlin\",\"coordinates\":false,\"cache\":true,\"latitude\":\"52.4655734\",\"longitude\":\"13.384599600000001\"}],\n\t\t\t\t\t\t\t\tanimations: false,\n\t\t\t\t\t\t\t\tinfobox_background_color: '',\n\t\t\t\t\t\t\t\tinfobox_styling: 'default',\n\t\t\t\t\t\t\t\tinfobox_text_color: '',\n\t\t\t\t\t\t\t\tmap_style: 'default',\n\t\t\t\t\t\t\t\tmap_type: 'roadmap',\n\t\t\t\t\t\t\t\tmarker_icon: '',\n\t\t\t\t\t\t\t\toverlay_color: '',\n\t\t\t\t\t\t\t\toverlay_color_hsl: {\"hue\":0,\"sat\":0,\"lum\":100},\n\t\t\t\t\t\t\t\tshow_address: true,\n\t\t\t\t\t\t\t\tscale_control: true,\n\t\t\t\t\t\t\t\tscrollwheel: true,\n\t\t\t\t\t\t\t\tzoom: 14,\n\t\t\t\t\t\t\t\tzoom_control: true,\n\t\t\t\t\t\t\t});\n\t\t\t\t\t\t}\n\n\t\t\t\t\t\tgoogle.maps.event.addDomListener(window, 'load', fusion_run_map_fusion_map_69f372e3b3002);\n\t\t\t\t\t<\/script>\n\t\t\t\t\t<div class=\"shortcode-map fusion-google-map fusion-maps-js-type\" id=\"fusion_map_69f372e3b3002\"><\/div><div class=\"fusion-clearfix\"><\/div><\/div><\/div><\/div><\/div><\/p>","protected":false},"excerpt":{"rendered":"","protected":false},"author":1,"featured_media":0,"parent":0,"menu_order":0,"comment_status":"closed","ping_status":"closed","template":"","meta":{"footnotes":""},"class_list":["post-13339","page","type-page","status-publish","hentry"],"_links":{"self":[{"href":"https:\/\/zahnarzt-tempelhof.de\/en\/wp-json\/wp\/v2\/pages\/13339","targetHints":{"allow":["GET"]}}],"collection":[{"href":"https:\/\/zahnarzt-tempelhof.de\/en\/wp-json\/wp\/v2\/pages"}],"about":[{"href":"https:\/\/zahnarzt-tempelhof.de\/en\/wp-json\/wp\/v2\/types\/page"}],"author":[{"embeddable":true,"href":"https:\/\/zahnarzt-tempelhof.de\/en\/wp-json\/wp\/v2\/users\/1"}],"replies":[{"embeddable":true,"href":"https:\/\/zahnarzt-tempelhof.de\/en\/wp-json\/wp\/v2\/comments?post=13339"}],"version-history":[{"count":10,"href":"https:\/\/zahnarzt-tempelhof.de\/en\/wp-json\/wp\/v2\/pages\/13339\/revisions"}],"predecessor-version":[{"id":13368,"href":"https:\/\/zahnarzt-tempelhof.de\/en\/wp-json\/wp\/v2\/pages\/13339\/revisions\/13368"}],"wp:attachment":[{"href":"https:\/\/zahnarzt-tempelhof.de\/en\/wp-json\/wp\/v2\/media?parent=13339"}],"curies":[{"name":"wp","href":"https:\/\/api.w.org\/{rel}","templated":true}]}}